{"id":5706,"date":"2026-04-20T09:34:27","date_gmt":"2026-04-20T09:34:27","guid":{"rendered":"https:\/\/www.vrzukac.sk\/shop\/?post_type=product&#038;p=5706"},"modified":"2026-04-20T09:35:36","modified_gmt":"2026-04-20T09:35:36","slug":"matcha-cookies","status":"publish","type":"product","link":"https:\/\/www.vrzukac.sk\/shop\/produkt\/matcha-cookies\/","title":{"rendered":"Matcha cookies"},"content":{"rendered":"Zlo\u017eenie : p\u0161eni\u010dn\u00e1 m\u00faka, vajcia, maslo, cukor, kakao, tmav\u00e1 \u010dokol\u00e1da, matcha","protected":false},"excerpt":{"rendered":"Hmotnos\u0165: 110g\r\n\r\nAlerg\u00e9ny: 1,3,7","protected":false},"featured_media":4954,"comment_status":"closed","ping_status":"closed","template":"","meta":[],"product_cat":[186],"product_tag":[],"_links":{"self":[{"href":"https:\/\/www.vrzukac.sk\/shop\/wp-json\/wp\/v2\/product\/5706"}],"collection":[{"href":"https:\/\/www.vrzukac.sk\/shop\/wp-json\/wp\/v2\/product"}],"about":[{"href":"https:\/\/www.vrzukac.sk\/shop\/wp-json\/wp\/v2\/types\/product"}],"replies":[{"embeddable":true,"href":"https:\/\/www.vrzukac.sk\/shop\/wp-json\/wp\/v2\/comments?post=5706"}],"wp:featuredmedia":[{"embeddable":true,"href":"https:\/\/www.vrzukac.sk\/shop\/wp-json\/wp\/v2\/media\/4954"}],"wp:attachment":[{"href":"https:\/\/www.vrzukac.sk\/shop\/wp-json\/wp\/v2\/media?parent=5706"}],"wp:term":[{"taxonomy":"product_cat","embeddable":true,"href":"https:\/\/www.vrzukac.sk\/shop\/wp-json\/wp\/v2\/product_cat?post=5706"},{"taxonomy":"product_tag","embeddable":true,"href":"https:\/\/www.vrzukac.sk\/shop\/wp-json\/wp\/v2\/product_tag?post=5706"}],"curies":[{"name":"wp","href":"https:\/\/api.w.org\/{rel}","templated":true}]}}