{"id":5552,"date":"2026-03-31T12:49:52","date_gmt":"2026-03-31T12:49:52","guid":{"rendered":"https:\/\/www.vrzukac.sk\/shop\/?post_type=product&#038;p=5552"},"modified":"2026-03-31T12:58:47","modified_gmt":"2026-03-31T12:58:47","slug":"croffin-passion-fruit-karamel","status":"publish","type":"product","link":"https:\/\/www.vrzukac.sk\/shop\/produkt\/croffin-passion-fruit-karamel\/","title":{"rendered":"Croffin passion fruit karamel"},"content":{"rendered":"Zlo\u017eenie: p\u0161eni\u010dn\u00e1 m\u00faka, p\u0161eni\u010dn\u00fd kv\u00e1sok, mlieko, maslo, so\u013e, cukor, kukuri\u010dn\u00fd \u0161krob, vajce, mascarpone, \u010dokol\u00e1dov\u00fd kr\u00e9m namelaka, passion fruit karamel, karamelov\u00e1 gu\u013eka","protected":false},"excerpt":{"rendered":"Hmotnos\u0165: 90g\r\n\r\nAlerg\u00e9ny: 1,3,7","protected":false},"featured_media":5553,"comment_status":"closed","ping_status":"closed","template":"","meta":[],"product_cat":[186],"product_tag":[],"_links":{"self":[{"href":"https:\/\/www.vrzukac.sk\/shop\/wp-json\/wp\/v2\/product\/5552"}],"collection":[{"href":"https:\/\/www.vrzukac.sk\/shop\/wp-json\/wp\/v2\/product"}],"about":[{"href":"https:\/\/www.vrzukac.sk\/shop\/wp-json\/wp\/v2\/types\/product"}],"replies":[{"embeddable":true,"href":"https:\/\/www.vrzukac.sk\/shop\/wp-json\/wp\/v2\/comments?post=5552"}],"wp:featuredmedia":[{"embeddable":true,"href":"https:\/\/www.vrzukac.sk\/shop\/wp-json\/wp\/v2\/media\/5553"}],"wp:attachment":[{"href":"https:\/\/www.vrzukac.sk\/shop\/wp-json\/wp\/v2\/media?parent=5552"}],"wp:term":[{"taxonomy":"product_cat","embeddable":true,"href":"https:\/\/www.vrzukac.sk\/shop\/wp-json\/wp\/v2\/product_cat?post=5552"},{"taxonomy":"product_tag","embeddable":true,"href":"https:\/\/www.vrzukac.sk\/shop\/wp-json\/wp\/v2\/product_tag?post=5552"}],"curies":[{"name":"wp","href":"https:\/\/api.w.org\/{rel}","templated":true}]}}