{"id":5498,"date":"2026-03-31T07:54:05","date_gmt":"2026-03-31T07:54:05","guid":{"rendered":"https:\/\/www.vrzukac.sk\/shop\/?post_type=product&#038;p=5498"},"modified":"2026-03-31T07:58:47","modified_gmt":"2026-03-31T07:58:47","slug":"multicerealny-chlieb","status":"publish","type":"product","link":"https:\/\/www.vrzukac.sk\/shop\/produkt\/multicerealny-chlieb\/","title":{"rendered":"Multicere\u00e1lny chlieb"},"content":{"rendered":"Zlo\u017eenie: semol\u00ednov\u00e1 m\u00faka, p\u0161eni\u010dn\u00fd kv\u00e1sok, so\u013e, ovsen\u00e9 vlo\u010dky, \u013eanov\u00e9 semienka, tekvicov\u00e9 semienka, slne\u010dnicov\u00e9 semienka","protected":false},"excerpt":{"rendered":"Hmotnos\u0165: 700g\r\n\r\nAlerg\u00e9ny: 1","protected":false},"featured_media":5499,"comment_status":"closed","ping_status":"closed","template":"","meta":[],"product_cat":[188],"product_tag":[],"_links":{"self":[{"href":"https:\/\/www.vrzukac.sk\/shop\/wp-json\/wp\/v2\/product\/5498"}],"collection":[{"href":"https:\/\/www.vrzukac.sk\/shop\/wp-json\/wp\/v2\/product"}],"about":[{"href":"https:\/\/www.vrzukac.sk\/shop\/wp-json\/wp\/v2\/types\/product"}],"replies":[{"embeddable":true,"href":"https:\/\/www.vrzukac.sk\/shop\/wp-json\/wp\/v2\/comments?post=5498"}],"wp:featuredmedia":[{"embeddable":true,"href":"https:\/\/www.vrzukac.sk\/shop\/wp-json\/wp\/v2\/media\/5499"}],"wp:attachment":[{"href":"https:\/\/www.vrzukac.sk\/shop\/wp-json\/wp\/v2\/media?parent=5498"}],"wp:term":[{"taxonomy":"product_cat","embeddable":true,"href":"https:\/\/www.vrzukac.sk\/shop\/wp-json\/wp\/v2\/product_cat?post=5498"},{"taxonomy":"product_tag","embeddable":true,"href":"https:\/\/www.vrzukac.sk\/shop\/wp-json\/wp\/v2\/product_tag?post=5498"}],"curies":[{"name":"wp","href":"https:\/\/api.w.org\/{rel}","templated":true}]}}