{"id":5442,"date":"2026-03-24T12:15:23","date_gmt":"2026-03-24T12:15:23","guid":{"rendered":"https:\/\/www.vrzukac.sk\/shop\/?post_type=product&#038;p=5442"},"modified":"2026-03-24T12:19:52","modified_gmt":"2026-03-24T12:19:52","slug":"cherry-focaccia","status":"publish","type":"product","link":"https:\/\/www.vrzukac.sk\/shop\/produkt\/cherry-focaccia\/","title":{"rendered":"Cherry focaccia"},"content":{"rendered":"Zlo\u017eenie: semol\u00ednov\u00e1 m\u00faka, p\u0161eni\u010dn\u00fd kv\u00e1sok, so\u013e, olivov\u00fd olej, pretlak, rukola, cherry paradajky, mozzarella, rozmar\u00edn, bazalkov\u00fd olej","protected":false},"excerpt":{"rendered":"Hmotnos\u0165: 120g\r\n\r\nAlerg\u00e9ny: 1,7","protected":false},"featured_media":5443,"comment_status":"closed","ping_status":"closed","template":"","meta":[],"product_cat":[185],"product_tag":[],"_links":{"self":[{"href":"https:\/\/www.vrzukac.sk\/shop\/wp-json\/wp\/v2\/product\/5442"}],"collection":[{"href":"https:\/\/www.vrzukac.sk\/shop\/wp-json\/wp\/v2\/product"}],"about":[{"href":"https:\/\/www.vrzukac.sk\/shop\/wp-json\/wp\/v2\/types\/product"}],"replies":[{"embeddable":true,"href":"https:\/\/www.vrzukac.sk\/shop\/wp-json\/wp\/v2\/comments?post=5442"}],"wp:featuredmedia":[{"embeddable":true,"href":"https:\/\/www.vrzukac.sk\/shop\/wp-json\/wp\/v2\/media\/5443"}],"wp:attachment":[{"href":"https:\/\/www.vrzukac.sk\/shop\/wp-json\/wp\/v2\/media?parent=5442"}],"wp:term":[{"taxonomy":"product_cat","embeddable":true,"href":"https:\/\/www.vrzukac.sk\/shop\/wp-json\/wp\/v2\/product_cat?post=5442"},{"taxonomy":"product_tag","embeddable":true,"href":"https:\/\/www.vrzukac.sk\/shop\/wp-json\/wp\/v2\/product_tag?post=5442"}],"curies":[{"name":"wp","href":"https:\/\/api.w.org\/{rel}","templated":true}]}}