{"id":5409,"date":"2026-03-12T13:27:57","date_gmt":"2026-03-12T13:27:57","guid":{"rendered":"https:\/\/www.vrzukac.sk\/shop\/?post_type=product&#038;p=5409"},"modified":"2026-03-17T12:24:40","modified_gmt":"2026-03-17T12:24:40","slug":"plneny-bagel","status":"publish","type":"product","link":"https:\/\/www.vrzukac.sk\/shop\/produkt\/plneny-bagel\/","title":{"rendered":"Plnen\u00fd bagel"},"content":{"rendered":"Zlo\u017eenie: p\u0161eni\u010dn\u00e1 m\u00faka, p\u0161eni\u010dn\u00fd kv\u00e1sok, dro\u017edie, so\u013e, cukor, maslo, vajce, sezam, cream cheese, baby \u0161pen\u00e1t, slanina, volsk\u00e9 oko\r\n\r\n&nbsp;","protected":false},"excerpt":{"rendered":"Hmotnos\u0165: 180g\r\n\r\nAlerg\u00e9ny: 1,3,7,11","protected":false},"featured_media":5425,"comment_status":"closed","ping_status":"closed","template":"","meta":[],"product_cat":[185],"product_tag":[],"_links":{"self":[{"href":"https:\/\/www.vrzukac.sk\/shop\/wp-json\/wp\/v2\/product\/5409"}],"collection":[{"href":"https:\/\/www.vrzukac.sk\/shop\/wp-json\/wp\/v2\/product"}],"about":[{"href":"https:\/\/www.vrzukac.sk\/shop\/wp-json\/wp\/v2\/types\/product"}],"replies":[{"embeddable":true,"href":"https:\/\/www.vrzukac.sk\/shop\/wp-json\/wp\/v2\/comments?post=5409"}],"wp:featuredmedia":[{"embeddable":true,"href":"https:\/\/www.vrzukac.sk\/shop\/wp-json\/wp\/v2\/media\/5425"}],"wp:attachment":[{"href":"https:\/\/www.vrzukac.sk\/shop\/wp-json\/wp\/v2\/media?parent=5409"}],"wp:term":[{"taxonomy":"product_cat","embeddable":true,"href":"https:\/\/www.vrzukac.sk\/shop\/wp-json\/wp\/v2\/product_cat?post=5409"},{"taxonomy":"product_tag","embeddable":true,"href":"https:\/\/www.vrzukac.sk\/shop\/wp-json\/wp\/v2\/product_tag?post=5409"}],"curies":[{"name":"wp","href":"https:\/\/api.w.org\/{rel}","templated":true}]}}