{"id":5326,"date":"2026-02-20T06:42:47","date_gmt":"2026-02-20T06:42:47","guid":{"rendered":"https:\/\/www.vrzukac.sk\/shop\/?post_type=product&#038;p=5326"},"modified":"2026-02-20T06:46:19","modified_gmt":"2026-02-20T06:46:19","slug":"maslove-susienky","status":"publish","type":"product","link":"https:\/\/www.vrzukac.sk\/shop\/produkt\/maslove-susienky\/","title":{"rendered":"Maslov\u00e9 su\u0161ienky"},"content":{"rendered":"Zlo\u017eenie: p\u0161eni\u010dn\u00e1 m\u00faka, maslo, cukor, vaje\u010dn\u00fd bielok, vanilka","protected":false},"excerpt":{"rendered":"Hmotnos\u0165: 250g\r\n\r\nAlerg\u00e9ny: 1,3,7","protected":false},"featured_media":5327,"comment_status":"closed","ping_status":"closed","template":"","meta":[],"product_cat":[216],"product_tag":[],"_links":{"self":[{"href":"https:\/\/www.vrzukac.sk\/shop\/wp-json\/wp\/v2\/product\/5326"}],"collection":[{"href":"https:\/\/www.vrzukac.sk\/shop\/wp-json\/wp\/v2\/product"}],"about":[{"href":"https:\/\/www.vrzukac.sk\/shop\/wp-json\/wp\/v2\/types\/product"}],"replies":[{"embeddable":true,"href":"https:\/\/www.vrzukac.sk\/shop\/wp-json\/wp\/v2\/comments?post=5326"}],"wp:featuredmedia":[{"embeddable":true,"href":"https:\/\/www.vrzukac.sk\/shop\/wp-json\/wp\/v2\/media\/5327"}],"wp:attachment":[{"href":"https:\/\/www.vrzukac.sk\/shop\/wp-json\/wp\/v2\/media?parent=5326"}],"wp:term":[{"taxonomy":"product_cat","embeddable":true,"href":"https:\/\/www.vrzukac.sk\/shop\/wp-json\/wp\/v2\/product_cat?post=5326"},{"taxonomy":"product_tag","embeddable":true,"href":"https:\/\/www.vrzukac.sk\/shop\/wp-json\/wp\/v2\/product_tag?post=5326"}],"curies":[{"name":"wp","href":"https:\/\/api.w.org\/{rel}","templated":true}]}}