{"id":5274,"date":"2026-02-03T13:39:36","date_gmt":"2026-02-03T13:39:36","guid":{"rendered":"https:\/\/www.vrzukac.sk\/shop\/?post_type=product&#038;p=5274"},"modified":"2026-02-17T13:18:52","modified_gmt":"2026-02-17T13:18:52","slug":"cokoladova-kvaskova-granola","status":"publish","type":"product","link":"https:\/\/www.vrzukac.sk\/shop\/produkt\/cokoladova-kvaskova-granola\/","title":{"rendered":"\u0106okol\u00e1dov\u00e1 kv\u00e1skov\u00e1 granola"},"content":{"rendered":"Zlo\u017eenie: ovsen\u00e9 vlo\u010dky, p\u0161eni\u010dn\u00fd kv\u00e1sok, \u013eanov\u00e9 semienka, lieskov\u00e9 orechy, hork\u00e1 \u010dokol\u00e1da, kokos, kakao, slne\u010dnicov\u00fd olej, med, vanilka","protected":false},"excerpt":{"rendered":"Hmotnos\u0165: 450g\r\n\r\nAlerg\u00e9ny: 1, 8","protected":false},"featured_media":5321,"comment_status":"closed","ping_status":"closed","template":"","meta":[],"product_cat":[216],"product_tag":[],"_links":{"self":[{"href":"https:\/\/www.vrzukac.sk\/shop\/wp-json\/wp\/v2\/product\/5274"}],"collection":[{"href":"https:\/\/www.vrzukac.sk\/shop\/wp-json\/wp\/v2\/product"}],"about":[{"href":"https:\/\/www.vrzukac.sk\/shop\/wp-json\/wp\/v2\/types\/product"}],"replies":[{"embeddable":true,"href":"https:\/\/www.vrzukac.sk\/shop\/wp-json\/wp\/v2\/comments?post=5274"}],"wp:featuredmedia":[{"embeddable":true,"href":"https:\/\/www.vrzukac.sk\/shop\/wp-json\/wp\/v2\/media\/5321"}],"wp:attachment":[{"href":"https:\/\/www.vrzukac.sk\/shop\/wp-json\/wp\/v2\/media?parent=5274"}],"wp:term":[{"taxonomy":"product_cat","embeddable":true,"href":"https:\/\/www.vrzukac.sk\/shop\/wp-json\/wp\/v2\/product_cat?post=5274"},{"taxonomy":"product_tag","embeddable":true,"href":"https:\/\/www.vrzukac.sk\/shop\/wp-json\/wp\/v2\/product_tag?post=5274"}],"curies":[{"name":"wp","href":"https:\/\/api.w.org\/{rel}","templated":true}]}}