{"id":4883,"date":"2025-06-20T06:24:51","date_gmt":"2025-06-20T06:24:51","guid":{"rendered":"https:\/\/www.vrzukac.sk\/shop\/?post_type=product&#038;p=4883"},"modified":"2026-02-02T13:42:39","modified_gmt":"2026-02-02T13:42:39","slug":"burger-zemla","status":"publish","type":"product","link":"https:\/\/www.vrzukac.sk\/shop\/produkt\/burger-zemla\/","title":{"rendered":"Burger \u017eem\u013ea"},"content":{"rendered":"Zlo\u017eenie:p\u0161eni\u010dn\u00e1 m\u00faka, p\u0161eni\u010dn\u00fd kv\u00e1sok, dro\u017edie, so\u013e, cukor, maslo, vajce, sezam\r\n\r\n&nbsp;","protected":false},"excerpt":{"rendered":"Hmotnos\u0165: 60g\r\n\r\nAlerg\u00e9ny: 1,3,7, 11","protected":false},"featured_media":4919,"comment_status":"closed","ping_status":"closed","template":"","meta":[],"product_cat":[185],"product_tag":[],"_links":{"self":[{"href":"https:\/\/www.vrzukac.sk\/shop\/wp-json\/wp\/v2\/product\/4883"}],"collection":[{"href":"https:\/\/www.vrzukac.sk\/shop\/wp-json\/wp\/v2\/product"}],"about":[{"href":"https:\/\/www.vrzukac.sk\/shop\/wp-json\/wp\/v2\/types\/product"}],"replies":[{"embeddable":true,"href":"https:\/\/www.vrzukac.sk\/shop\/wp-json\/wp\/v2\/comments?post=4883"}],"wp:featuredmedia":[{"embeddable":true,"href":"https:\/\/www.vrzukac.sk\/shop\/wp-json\/wp\/v2\/media\/4919"}],"wp:attachment":[{"href":"https:\/\/www.vrzukac.sk\/shop\/wp-json\/wp\/v2\/media?parent=4883"}],"wp:term":[{"taxonomy":"product_cat","embeddable":true,"href":"https:\/\/www.vrzukac.sk\/shop\/wp-json\/wp\/v2\/product_cat?post=4883"},{"taxonomy":"product_tag","embeddable":true,"href":"https:\/\/www.vrzukac.sk\/shop\/wp-json\/wp\/v2\/product_tag?post=4883"}],"curies":[{"name":"wp","href":"https:\/\/api.w.org\/{rel}","templated":true}]}}