{"id":4879,"date":"2025-06-20T06:02:32","date_gmt":"2025-06-20T06:02:32","guid":{"rendered":"https:\/\/www.vrzukac.sk\/shop\/?post_type=product&#038;p=4879"},"modified":"2026-03-27T15:05:32","modified_gmt":"2026-03-27T15:05:32","slug":"zeleny-sendvic","status":"publish","type":"product","link":"https:\/\/www.vrzukac.sk\/shop\/produkt\/zeleny-sendvic\/","title":{"rendered":"Zelen\u00fd sendvi\u010d"},"content":{"rendered":"Zlo\u017eenie: kv\u00e1skov\u00fd chlieb, sojan\u00e9za, kapary, k\u00f4por, marinovan\u00e1 mrkva v tekutom dyme, baby \u0161pen\u00e1t","protected":false},"excerpt":{"rendered":"Hmotnos\u0165: 180g\r\n\r\nAlerg\u00e9ny: 1,6","protected":false},"featured_media":5470,"comment_status":"closed","ping_status":"closed","template":"","meta":[],"product_cat":[185],"product_tag":[],"_links":{"self":[{"href":"https:\/\/www.vrzukac.sk\/shop\/wp-json\/wp\/v2\/product\/4879"}],"collection":[{"href":"https:\/\/www.vrzukac.sk\/shop\/wp-json\/wp\/v2\/product"}],"about":[{"href":"https:\/\/www.vrzukac.sk\/shop\/wp-json\/wp\/v2\/types\/product"}],"replies":[{"embeddable":true,"href":"https:\/\/www.vrzukac.sk\/shop\/wp-json\/wp\/v2\/comments?post=4879"}],"wp:featuredmedia":[{"embeddable":true,"href":"https:\/\/www.vrzukac.sk\/shop\/wp-json\/wp\/v2\/media\/5470"}],"wp:attachment":[{"href":"https:\/\/www.vrzukac.sk\/shop\/wp-json\/wp\/v2\/media?parent=4879"}],"wp:term":[{"taxonomy":"product_cat","embeddable":true,"href":"https:\/\/www.vrzukac.sk\/shop\/wp-json\/wp\/v2\/product_cat?post=4879"},{"taxonomy":"product_tag","embeddable":true,"href":"https:\/\/www.vrzukac.sk\/shop\/wp-json\/wp\/v2\/product_tag?post=4879"}],"curies":[{"name":"wp","href":"https:\/\/api.w.org\/{rel}","templated":true}]}}