{"id":4628,"date":"2025-02-04T12:52:39","date_gmt":"2025-02-04T12:52:39","guid":{"rendered":"https:\/\/www.vrzukac.sk\/shop\/?post_type=product&#038;p=4628"},"modified":"2026-02-02T11:55:45","modified_gmt":"2026-02-02T11:55:45","slug":"oskvarkovy-chlieb","status":"publish","type":"product","link":"https:\/\/www.vrzukac.sk\/shop\/produkt\/oskvarkovy-chlieb\/","title":{"rendered":"Zemiakov\u00fd chlieb s o\u0161kvarkami"},"content":{"rendered":"Zlo\u017eenie: p\u0161eni\u010dn\u00e1 m\u00faka, ra\u017en\u00fd kv\u00e1sok, voda, so\u013e, rasca, zemiak, o\u0161kvarky","protected":false},"excerpt":{"rendered":"Hmotnos\u0165: 700g\r\n\r\nAlerg\u00e9ny: 1","protected":false},"featured_media":4639,"comment_status":"closed","ping_status":"closed","template":"","meta":[],"product_cat":[188],"product_tag":[],"_links":{"self":[{"href":"https:\/\/www.vrzukac.sk\/shop\/wp-json\/wp\/v2\/product\/4628"}],"collection":[{"href":"https:\/\/www.vrzukac.sk\/shop\/wp-json\/wp\/v2\/product"}],"about":[{"href":"https:\/\/www.vrzukac.sk\/shop\/wp-json\/wp\/v2\/types\/product"}],"replies":[{"embeddable":true,"href":"https:\/\/www.vrzukac.sk\/shop\/wp-json\/wp\/v2\/comments?post=4628"}],"wp:featuredmedia":[{"embeddable":true,"href":"https:\/\/www.vrzukac.sk\/shop\/wp-json\/wp\/v2\/media\/4639"}],"wp:attachment":[{"href":"https:\/\/www.vrzukac.sk\/shop\/wp-json\/wp\/v2\/media?parent=4628"}],"wp:term":[{"taxonomy":"product_cat","embeddable":true,"href":"https:\/\/www.vrzukac.sk\/shop\/wp-json\/wp\/v2\/product_cat?post=4628"},{"taxonomy":"product_tag","embeddable":true,"href":"https:\/\/www.vrzukac.sk\/shop\/wp-json\/wp\/v2\/product_tag?post=4628"}],"curies":[{"name":"wp","href":"https:\/\/api.w.org\/{rel}","templated":true}]}}