{"id":4626,"date":"2025-02-04T12:52:19","date_gmt":"2025-02-04T12:52:19","guid":{"rendered":"https:\/\/www.vrzukac.sk\/shop\/?post_type=product&#038;p=4626"},"modified":"2026-01-09T10:54:02","modified_gmt":"2026-01-09T10:54:02","slug":"prosciutto-focaccia","status":"publish","type":"product","link":"https:\/\/www.vrzukac.sk\/shop\/produkt\/prosciutto-focaccia\/","title":{"rendered":"Prosciutto focaccia"},"content":{"rendered":"Zlo\u017eenie: semol\u00ednov\u00e1 m\u00faka, p\u0161eni\u010dn\u00fd kv\u00e1sok, so\u013e, olivov\u00fd olej, pretlak, rukola, proscuitto, mozzarella, rozmar\u00edn","protected":false},"excerpt":{"rendered":"Hmotnos\u0165: 120g\r\n\r\nAlerg\u00e9ny: 1,7","protected":false},"featured_media":4835,"comment_status":"closed","ping_status":"closed","template":"","meta":[],"product_cat":[185],"product_tag":[],"_links":{"self":[{"href":"https:\/\/www.vrzukac.sk\/shop\/wp-json\/wp\/v2\/product\/4626"}],"collection":[{"href":"https:\/\/www.vrzukac.sk\/shop\/wp-json\/wp\/v2\/product"}],"about":[{"href":"https:\/\/www.vrzukac.sk\/shop\/wp-json\/wp\/v2\/types\/product"}],"replies":[{"embeddable":true,"href":"https:\/\/www.vrzukac.sk\/shop\/wp-json\/wp\/v2\/comments?post=4626"}],"wp:featuredmedia":[{"embeddable":true,"href":"https:\/\/www.vrzukac.sk\/shop\/wp-json\/wp\/v2\/media\/4835"}],"wp:attachment":[{"href":"https:\/\/www.vrzukac.sk\/shop\/wp-json\/wp\/v2\/media?parent=4626"}],"wp:term":[{"taxonomy":"product_cat","embeddable":true,"href":"https:\/\/www.vrzukac.sk\/shop\/wp-json\/wp\/v2\/product_cat?post=4626"},{"taxonomy":"product_tag","embeddable":true,"href":"https:\/\/www.vrzukac.sk\/shop\/wp-json\/wp\/v2\/product_tag?post=4626"}],"curies":[{"name":"wp","href":"https:\/\/api.w.org\/{rel}","templated":true}]}}