{"id":4623,"date":"2025-02-04T12:51:57","date_gmt":"2025-02-04T12:51:57","guid":{"rendered":"https:\/\/www.vrzukac.sk\/shop\/?post_type=product&#038;p=4623"},"modified":"2026-02-20T06:23:47","modified_gmt":"2026-02-20T06:23:47","slug":"hot-dog-rozok","status":"publish","type":"product","link":"https:\/\/www.vrzukac.sk\/shop\/produkt\/hot-dog-rozok\/","title":{"rendered":"Hot &#8211; dog ro\u017eok"},"content":{"rendered":"Zlo\u017eenie: p\u0161eni\u010dn\u00e1 m\u00faka, p\u0161eni\u010dn\u00fd kv\u00e1sok, dro\u017edie, so\u013e, cukor, maslo, vajce, sezam","protected":false},"excerpt":{"rendered":"Hmotnos\u0165: 60g\r\n\r\nAlerg\u00e9ny: 1,3,7,11","protected":false},"featured_media":4921,"comment_status":"closed","ping_status":"closed","template":"","meta":[],"product_cat":[185],"product_tag":[],"_links":{"self":[{"href":"https:\/\/www.vrzukac.sk\/shop\/wp-json\/wp\/v2\/product\/4623"}],"collection":[{"href":"https:\/\/www.vrzukac.sk\/shop\/wp-json\/wp\/v2\/product"}],"about":[{"href":"https:\/\/www.vrzukac.sk\/shop\/wp-json\/wp\/v2\/types\/product"}],"replies":[{"embeddable":true,"href":"https:\/\/www.vrzukac.sk\/shop\/wp-json\/wp\/v2\/comments?post=4623"}],"wp:featuredmedia":[{"embeddable":true,"href":"https:\/\/www.vrzukac.sk\/shop\/wp-json\/wp\/v2\/media\/4921"}],"wp:attachment":[{"href":"https:\/\/www.vrzukac.sk\/shop\/wp-json\/wp\/v2\/media?parent=4623"}],"wp:term":[{"taxonomy":"product_cat","embeddable":true,"href":"https:\/\/www.vrzukac.sk\/shop\/wp-json\/wp\/v2\/product_cat?post=4623"},{"taxonomy":"product_tag","embeddable":true,"href":"https:\/\/www.vrzukac.sk\/shop\/wp-json\/wp\/v2\/product_tag?post=4623"}],"curies":[{"name":"wp","href":"https:\/\/api.w.org\/{rel}","templated":true}]}}