{"id":4614,"date":"2025-02-04T12:49:47","date_gmt":"2025-02-04T12:49:47","guid":{"rendered":"https:\/\/www.vrzukac.sk\/shop\/?post_type=product&#038;p=4614"},"modified":"2026-01-09T11:07:37","modified_gmt":"2026-01-09T11:07:37","slug":"celozrnna-zemla","status":"publish","type":"product","link":"https:\/\/www.vrzukac.sk\/shop\/produkt\/celozrnna-zemla\/","title":{"rendered":"Celozrnn\u00e1 \u017eem\u013ea"},"content":{"rendered":"Zlo\u017eenie : p\u0161eni\u010dn\u00e1 celozrnn\u00e1 m\u00faka, p\u0161eni\u010dn\u00fd kv\u00e1sok, so\u013e\r\n\r\n&nbsp;","protected":false},"excerpt":{"rendered":"Hmotnos\u0165: 100g\r\n\r\nAlerg\u00e9ny: 1","protected":false},"featured_media":4870,"comment_status":"closed","ping_status":"closed","template":"","meta":[],"product_cat":[185],"product_tag":[],"_links":{"self":[{"href":"https:\/\/www.vrzukac.sk\/shop\/wp-json\/wp\/v2\/product\/4614"}],"collection":[{"href":"https:\/\/www.vrzukac.sk\/shop\/wp-json\/wp\/v2\/product"}],"about":[{"href":"https:\/\/www.vrzukac.sk\/shop\/wp-json\/wp\/v2\/types\/product"}],"replies":[{"embeddable":true,"href":"https:\/\/www.vrzukac.sk\/shop\/wp-json\/wp\/v2\/comments?post=4614"}],"wp:featuredmedia":[{"embeddable":true,"href":"https:\/\/www.vrzukac.sk\/shop\/wp-json\/wp\/v2\/media\/4870"}],"wp:attachment":[{"href":"https:\/\/www.vrzukac.sk\/shop\/wp-json\/wp\/v2\/media?parent=4614"}],"wp:term":[{"taxonomy":"product_cat","embeddable":true,"href":"https:\/\/www.vrzukac.sk\/shop\/wp-json\/wp\/v2\/product_cat?post=4614"},{"taxonomy":"product_tag","embeddable":true,"href":"https:\/\/www.vrzukac.sk\/shop\/wp-json\/wp\/v2\/product_tag?post=4614"}],"curies":[{"name":"wp","href":"https:\/\/api.w.org\/{rel}","templated":true}]}}