{"id":4096,"date":"2023-01-19T15:06:19","date_gmt":"2023-01-19T15:06:19","guid":{"rendered":"https:\/\/www.vrzukac.sk\/shop\/?post_type=product&#038;p=4096"},"modified":"2026-02-02T12:10:05","modified_gmt":"2026-02-02T12:10:05","slug":"cucuriedkovy-kolac","status":"publish","type":"product","link":"https:\/\/www.vrzukac.sk\/shop\/produkt\/cucuriedkovy-kolac\/","title":{"rendered":"\u010cu\u010doriedkov\u00fd kol\u00e1\u010d"},"content":{"rendered":"Zlo\u017eenie: p\u0161eni\u010dn\u00e1 m\u00faka, p\u0161eni\u010dn\u00fd kv\u00e1sok, mlieko, maslo, so\u013e, cukor, vajce, smotana, ovocie, pos\u00fdpka","protected":false},"excerpt":{"rendered":"Hmotnos\u0165: 90g\r\n\r\nAlerg\u00e9ny: 1,3,7","protected":false},"featured_media":4654,"comment_status":"closed","ping_status":"closed","template":"","meta":[],"product_cat":[186],"product_tag":[],"_links":{"self":[{"href":"https:\/\/www.vrzukac.sk\/shop\/wp-json\/wp\/v2\/product\/4096"}],"collection":[{"href":"https:\/\/www.vrzukac.sk\/shop\/wp-json\/wp\/v2\/product"}],"about":[{"href":"https:\/\/www.vrzukac.sk\/shop\/wp-json\/wp\/v2\/types\/product"}],"replies":[{"embeddable":true,"href":"https:\/\/www.vrzukac.sk\/shop\/wp-json\/wp\/v2\/comments?post=4096"}],"wp:featuredmedia":[{"embeddable":true,"href":"https:\/\/www.vrzukac.sk\/shop\/wp-json\/wp\/v2\/media\/4654"}],"wp:attachment":[{"href":"https:\/\/www.vrzukac.sk\/shop\/wp-json\/wp\/v2\/media?parent=4096"}],"wp:term":[{"taxonomy":"product_cat","embeddable":true,"href":"https:\/\/www.vrzukac.sk\/shop\/wp-json\/wp\/v2\/product_cat?post=4096"},{"taxonomy":"product_tag","embeddable":true,"href":"https:\/\/www.vrzukac.sk\/shop\/wp-json\/wp\/v2\/product_tag?post=4096"}],"curies":[{"name":"wp","href":"https:\/\/api.w.org\/{rel}","templated":true}]}}