{"id":3853,"date":"2022-04-06T14:09:17","date_gmt":"2022-04-06T14:09:17","guid":{"rendered":"https:\/\/www.vrzukac.sk\/shop\/?post_type=product&#038;p=3853"},"modified":"2026-02-02T13:37:54","modified_gmt":"2026-02-02T13:37:54","slug":"cookies","status":"publish","type":"product","link":"https:\/\/www.vrzukac.sk\/shop\/produkt\/cookies\/","title":{"rendered":"Cookies"},"content":{"rendered":"Zlo\u017eenie: ovsen\u00e9 vlo\u010dky, med, \u0161korica, ban\u00e1n, mandle, vla\u0161sk\u00e9 orechy, hrozienka, brusnice, \u010dokol\u00e1da","protected":false},"excerpt":{"rendered":"Hmotnos\u0165: 80g\r\n\r\nAlerg\u00e9ny: 1","protected":false},"featured_media":4681,"comment_status":"closed","ping_status":"closed","template":"","meta":[],"product_cat":[186],"product_tag":[],"_links":{"self":[{"href":"https:\/\/www.vrzukac.sk\/shop\/wp-json\/wp\/v2\/product\/3853"}],"collection":[{"href":"https:\/\/www.vrzukac.sk\/shop\/wp-json\/wp\/v2\/product"}],"about":[{"href":"https:\/\/www.vrzukac.sk\/shop\/wp-json\/wp\/v2\/types\/product"}],"replies":[{"embeddable":true,"href":"https:\/\/www.vrzukac.sk\/shop\/wp-json\/wp\/v2\/comments?post=3853"}],"wp:featuredmedia":[{"embeddable":true,"href":"https:\/\/www.vrzukac.sk\/shop\/wp-json\/wp\/v2\/media\/4681"}],"wp:attachment":[{"href":"https:\/\/www.vrzukac.sk\/shop\/wp-json\/wp\/v2\/media?parent=3853"}],"wp:term":[{"taxonomy":"product_cat","embeddable":true,"href":"https:\/\/www.vrzukac.sk\/shop\/wp-json\/wp\/v2\/product_cat?post=3853"},{"taxonomy":"product_tag","embeddable":true,"href":"https:\/\/www.vrzukac.sk\/shop\/wp-json\/wp\/v2\/product_tag?post=3853"}],"curies":[{"name":"wp","href":"https:\/\/api.w.org\/{rel}","templated":true}]}}