{"id":3849,"date":"2022-04-06T14:05:48","date_gmt":"2022-04-06T14:05:48","guid":{"rendered":"https:\/\/www.vrzukac.sk\/shop\/?post_type=product&#038;p=3849"},"modified":"2026-01-09T11:45:49","modified_gmt":"2026-01-09T11:45:49","slug":"focaccia-s-cuketou-a-zemiakmi","status":"publish","type":"product","link":"https:\/\/www.vrzukac.sk\/shop\/produkt\/focaccia-s-cuketou-a-zemiakmi\/","title":{"rendered":"Focaccia s cuketou a zemiakmi"},"content":{"rendered":"Zlo\u017eenie: semol\u00ednov\u00e1 m\u00faka, p\u0161eni\u010dn\u00fd kv\u00e1sok, so\u013e, olivov\u00fd olej, pretlak, cuketa, zemiak, sezam, rozmar\u00edn, \u010dierne korenie, sezam","protected":false},"excerpt":{"rendered":"Hmotnos\u0165: 120g\r\n\r\nAlerg\u00e9ny: 1,11","protected":false},"featured_media":4699,"comment_status":"closed","ping_status":"closed","template":"","meta":[],"product_cat":[185],"product_tag":[],"_links":{"self":[{"href":"https:\/\/www.vrzukac.sk\/shop\/wp-json\/wp\/v2\/product\/3849"}],"collection":[{"href":"https:\/\/www.vrzukac.sk\/shop\/wp-json\/wp\/v2\/product"}],"about":[{"href":"https:\/\/www.vrzukac.sk\/shop\/wp-json\/wp\/v2\/types\/product"}],"replies":[{"embeddable":true,"href":"https:\/\/www.vrzukac.sk\/shop\/wp-json\/wp\/v2\/comments?post=3849"}],"wp:featuredmedia":[{"embeddable":true,"href":"https:\/\/www.vrzukac.sk\/shop\/wp-json\/wp\/v2\/media\/4699"}],"wp:attachment":[{"href":"https:\/\/www.vrzukac.sk\/shop\/wp-json\/wp\/v2\/media?parent=3849"}],"wp:term":[{"taxonomy":"product_cat","embeddable":true,"href":"https:\/\/www.vrzukac.sk\/shop\/wp-json\/wp\/v2\/product_cat?post=3849"},{"taxonomy":"product_tag","embeddable":true,"href":"https:\/\/www.vrzukac.sk\/shop\/wp-json\/wp\/v2\/product_tag?post=3849"}],"curies":[{"name":"wp","href":"https:\/\/api.w.org\/{rel}","templated":true}]}}