{"id":3848,"date":"2022-04-06T14:05:12","date_gmt":"2022-04-06T14:05:12","guid":{"rendered":"https:\/\/www.vrzukac.sk\/shop\/?post_type=product&#038;p=3848"},"modified":"2026-01-09T11:48:03","modified_gmt":"2026-01-09T11:48:03","slug":"vajickovy-chlebicek","status":"publish","type":"product","link":"https:\/\/www.vrzukac.sk\/shop\/produkt\/vajickovy-chlebicek\/","title":{"rendered":"Vaj\u00ed\u010dkov\u00fd chleb\u00ed\u010dek"},"content":{"rendered":"Zlo\u017eenie: chlieb, vajce, cream cheese, camembert, so\u013e, \u010dierne korenie, hor\u010dica","protected":false},"excerpt":{"rendered":"Hmotnos\u0165: 80g\r\n\r\nAlerg\u00e9ny: 1,3,7,10","protected":false},"featured_media":4701,"comment_status":"closed","ping_status":"closed","template":"","meta":[],"product_cat":[185],"product_tag":[],"_links":{"self":[{"href":"https:\/\/www.vrzukac.sk\/shop\/wp-json\/wp\/v2\/product\/3848"}],"collection":[{"href":"https:\/\/www.vrzukac.sk\/shop\/wp-json\/wp\/v2\/product"}],"about":[{"href":"https:\/\/www.vrzukac.sk\/shop\/wp-json\/wp\/v2\/types\/product"}],"replies":[{"embeddable":true,"href":"https:\/\/www.vrzukac.sk\/shop\/wp-json\/wp\/v2\/comments?post=3848"}],"wp:featuredmedia":[{"embeddable":true,"href":"https:\/\/www.vrzukac.sk\/shop\/wp-json\/wp\/v2\/media\/4701"}],"wp:attachment":[{"href":"https:\/\/www.vrzukac.sk\/shop\/wp-json\/wp\/v2\/media?parent=3848"}],"wp:term":[{"taxonomy":"product_cat","embeddable":true,"href":"https:\/\/www.vrzukac.sk\/shop\/wp-json\/wp\/v2\/product_cat?post=3848"},{"taxonomy":"product_tag","embeddable":true,"href":"https:\/\/www.vrzukac.sk\/shop\/wp-json\/wp\/v2\/product_tag?post=3848"}],"curies":[{"name":"wp","href":"https:\/\/api.w.org\/{rel}","templated":true}]}}