{"id":3843,"date":"2022-04-06T14:02:46","date_gmt":"2022-04-06T14:02:46","guid":{"rendered":"https:\/\/www.vrzukac.sk\/shop\/?post_type=product&#038;p=3843"},"modified":"2026-02-02T12:00:47","modified_gmt":"2026-02-02T12:00:47","slug":"ciabatta","status":"publish","type":"product","link":"https:\/\/www.vrzukac.sk\/shop\/produkt\/ciabatta\/","title":{"rendered":"Ciabatta"},"content":{"rendered":"Zlo\u017eenie: semol\u00ednov\u00e1 m\u00faka, p\u0161eni\u010dn\u00e1 m\u00faka, p\u0161eni\u010dn\u00fd kv\u00e1sok, so\u013e","protected":false},"excerpt":{"rendered":"Hmotnos\u0165: 330g\r\n\r\nAlerg\u00e9ny: 1","protected":false},"featured_media":4641,"comment_status":"closed","ping_status":"closed","template":"","meta":[],"product_cat":[188],"product_tag":[],"_links":{"self":[{"href":"https:\/\/www.vrzukac.sk\/shop\/wp-json\/wp\/v2\/product\/3843"}],"collection":[{"href":"https:\/\/www.vrzukac.sk\/shop\/wp-json\/wp\/v2\/product"}],"about":[{"href":"https:\/\/www.vrzukac.sk\/shop\/wp-json\/wp\/v2\/types\/product"}],"replies":[{"embeddable":true,"href":"https:\/\/www.vrzukac.sk\/shop\/wp-json\/wp\/v2\/comments?post=3843"}],"wp:featuredmedia":[{"embeddable":true,"href":"https:\/\/www.vrzukac.sk\/shop\/wp-json\/wp\/v2\/media\/4641"}],"wp:attachment":[{"href":"https:\/\/www.vrzukac.sk\/shop\/wp-json\/wp\/v2\/media?parent=3843"}],"wp:term":[{"taxonomy":"product_cat","embeddable":true,"href":"https:\/\/www.vrzukac.sk\/shop\/wp-json\/wp\/v2\/product_cat?post=3843"},{"taxonomy":"product_tag","embeddable":true,"href":"https:\/\/www.vrzukac.sk\/shop\/wp-json\/wp\/v2\/product_tag?post=3843"}],"curies":[{"name":"wp","href":"https:\/\/api.w.org\/{rel}","templated":true}]}}