{"id":3838,"date":"2022-04-06T13:58:50","date_gmt":"2022-04-06T13:58:50","guid":{"rendered":"https:\/\/www.vrzukac.sk\/shop\/?post_type=product&#038;p=3838"},"modified":"2026-02-02T11:59:54","modified_gmt":"2026-02-02T11:59:54","slug":"psenicno-razny-s-brusnicami","status":"publish","type":"product","link":"https:\/\/www.vrzukac.sk\/shop\/produkt\/psenicno-razny-s-brusnicami\/","title":{"rendered":"P\u0161eni\u010dno-ra\u017en\u00fd s brusnicami"},"content":{"rendered":"Zlo\u017eenie: p\u0161eni\u010dn\u00e1 m\u00faka, ra\u017en\u00fd kv\u00e1sok, so\u013e, rasca, brusnice","protected":false},"excerpt":{"rendered":"Hmotnos\u0165: 700g\r\n\r\nAlerg\u00e9ny: 1","protected":false},"featured_media":4642,"comment_status":"closed","ping_status":"closed","template":"","meta":[],"product_cat":[188],"product_tag":[],"_links":{"self":[{"href":"https:\/\/www.vrzukac.sk\/shop\/wp-json\/wp\/v2\/product\/3838"}],"collection":[{"href":"https:\/\/www.vrzukac.sk\/shop\/wp-json\/wp\/v2\/product"}],"about":[{"href":"https:\/\/www.vrzukac.sk\/shop\/wp-json\/wp\/v2\/types\/product"}],"replies":[{"embeddable":true,"href":"https:\/\/www.vrzukac.sk\/shop\/wp-json\/wp\/v2\/comments?post=3838"}],"wp:featuredmedia":[{"embeddable":true,"href":"https:\/\/www.vrzukac.sk\/shop\/wp-json\/wp\/v2\/media\/4642"}],"wp:attachment":[{"href":"https:\/\/www.vrzukac.sk\/shop\/wp-json\/wp\/v2\/media?parent=3838"}],"wp:term":[{"taxonomy":"product_cat","embeddable":true,"href":"https:\/\/www.vrzukac.sk\/shop\/wp-json\/wp\/v2\/product_cat?post=3838"},{"taxonomy":"product_tag","embeddable":true,"href":"https:\/\/www.vrzukac.sk\/shop\/wp-json\/wp\/v2\/product_tag?post=3838"}],"curies":[{"name":"wp","href":"https:\/\/api.w.org\/{rel}","templated":true}]}}