{"id":3836,"date":"2022-04-06T13:57:54","date_gmt":"2022-04-06T13:57:54","guid":{"rendered":"https:\/\/www.vrzukac.sk\/shop\/?post_type=product&#038;p=3836"},"modified":"2026-01-09T11:54:15","modified_gmt":"2026-01-09T11:54:15","slug":"focaccia-napoletana","status":"publish","type":"product","link":"https:\/\/www.vrzukac.sk\/shop\/produkt\/focaccia-napoletana\/","title":{"rendered":"Focaccia Napoletana"},"content":{"rendered":"Zlo\u017eenie: semol\u00ednov\u00e1 m\u00faka, p\u0161eni\u010dn\u00fd kv\u00e1sok, so\u013e, olivov\u00fd olej, paradajka, olivy, cibu\u013ea, rozmar\u00edn","protected":false},"excerpt":{"rendered":"Hmotnos\u0165: 120g\r\n\r\nAlerg\u00e9ny: 1","protected":false},"featured_media":4843,"comment_status":"closed","ping_status":"closed","template":"","meta":[],"product_cat":[185],"product_tag":[],"_links":{"self":[{"href":"https:\/\/www.vrzukac.sk\/shop\/wp-json\/wp\/v2\/product\/3836"}],"collection":[{"href":"https:\/\/www.vrzukac.sk\/shop\/wp-json\/wp\/v2\/product"}],"about":[{"href":"https:\/\/www.vrzukac.sk\/shop\/wp-json\/wp\/v2\/types\/product"}],"replies":[{"embeddable":true,"href":"https:\/\/www.vrzukac.sk\/shop\/wp-json\/wp\/v2\/comments?post=3836"}],"wp:featuredmedia":[{"embeddable":true,"href":"https:\/\/www.vrzukac.sk\/shop\/wp-json\/wp\/v2\/media\/4843"}],"wp:attachment":[{"href":"https:\/\/www.vrzukac.sk\/shop\/wp-json\/wp\/v2\/media?parent=3836"}],"wp:term":[{"taxonomy":"product_cat","embeddable":true,"href":"https:\/\/www.vrzukac.sk\/shop\/wp-json\/wp\/v2\/product_cat?post=3836"},{"taxonomy":"product_tag","embeddable":true,"href":"https:\/\/www.vrzukac.sk\/shop\/wp-json\/wp\/v2\/product_tag?post=3836"}],"curies":[{"name":"wp","href":"https:\/\/api.w.org\/{rel}","templated":true}]}}