{"id":3832,"date":"2022-04-06T13:55:31","date_gmt":"2022-04-06T13:55:31","guid":{"rendered":"https:\/\/www.vrzukac.sk\/shop\/?post_type=product&#038;p=3832"},"modified":"2026-02-02T11:54:46","modified_gmt":"2026-02-02T11:54:46","slug":"bageta-spaldova","status":"publish","type":"product","link":"https:\/\/www.vrzukac.sk\/shop\/produkt\/bageta-spaldova\/","title":{"rendered":"Bageta \u0161paldov\u00e1"},"content":{"rendered":"Zlo\u017eenie: \u0161paldov\u00e1 m\u00faka, ra\u017en\u00fd kv\u00e1sok, so\u013e","protected":false},"excerpt":{"rendered":"Hmotnos\u0165: 300g\r\n\r\nAlerg\u00e9ny: 1","protected":false},"featured_media":4646,"comment_status":"closed","ping_status":"closed","template":"","meta":[],"product_cat":[188],"product_tag":[],"_links":{"self":[{"href":"https:\/\/www.vrzukac.sk\/shop\/wp-json\/wp\/v2\/product\/3832"}],"collection":[{"href":"https:\/\/www.vrzukac.sk\/shop\/wp-json\/wp\/v2\/product"}],"about":[{"href":"https:\/\/www.vrzukac.sk\/shop\/wp-json\/wp\/v2\/types\/product"}],"replies":[{"embeddable":true,"href":"https:\/\/www.vrzukac.sk\/shop\/wp-json\/wp\/v2\/comments?post=3832"}],"wp:featuredmedia":[{"embeddable":true,"href":"https:\/\/www.vrzukac.sk\/shop\/wp-json\/wp\/v2\/media\/4646"}],"wp:attachment":[{"href":"https:\/\/www.vrzukac.sk\/shop\/wp-json\/wp\/v2\/media?parent=3832"}],"wp:term":[{"taxonomy":"product_cat","embeddable":true,"href":"https:\/\/www.vrzukac.sk\/shop\/wp-json\/wp\/v2\/product_cat?post=3832"},{"taxonomy":"product_tag","embeddable":true,"href":"https:\/\/www.vrzukac.sk\/shop\/wp-json\/wp\/v2\/product_tag?post=3832"}],"curies":[{"name":"wp","href":"https:\/\/api.w.org\/{rel}","templated":true}]}}