{"id":3820,"date":"2022-04-06T13:49:10","date_gmt":"2022-04-06T13:49:10","guid":{"rendered":"https:\/\/www.vrzukac.sk\/shop\/?post_type=product&#038;p=3820"},"modified":"2026-02-02T12:04:50","modified_gmt":"2026-02-02T12:04:50","slug":"croisant","status":"publish","type":"product","link":"https:\/\/www.vrzukac.sk\/shop\/produkt\/croisant\/","title":{"rendered":"Croisant"},"content":{"rendered":"Zlo\u017eenie: p\u0161eni\u010dn\u00e1 m\u00faka, p\u0161eni\u010dn\u00fd kv\u00e1sok, mlieko, maslo, so\u013e, cukor, vajce","protected":false},"excerpt":{"rendered":"Hmotnos\u0165: 90g\r\n\r\nAlerg\u00e9y: 1,3,7","protected":false},"featured_media":4669,"comment_status":"closed","ping_status":"closed","template":"","meta":[],"product_cat":[186],"product_tag":[],"_links":{"self":[{"href":"https:\/\/www.vrzukac.sk\/shop\/wp-json\/wp\/v2\/product\/3820"}],"collection":[{"href":"https:\/\/www.vrzukac.sk\/shop\/wp-json\/wp\/v2\/product"}],"about":[{"href":"https:\/\/www.vrzukac.sk\/shop\/wp-json\/wp\/v2\/types\/product"}],"replies":[{"embeddable":true,"href":"https:\/\/www.vrzukac.sk\/shop\/wp-json\/wp\/v2\/comments?post=3820"}],"wp:featuredmedia":[{"embeddable":true,"href":"https:\/\/www.vrzukac.sk\/shop\/wp-json\/wp\/v2\/media\/4669"}],"wp:attachment":[{"href":"https:\/\/www.vrzukac.sk\/shop\/wp-json\/wp\/v2\/media?parent=3820"}],"wp:term":[{"taxonomy":"product_cat","embeddable":true,"href":"https:\/\/www.vrzukac.sk\/shop\/wp-json\/wp\/v2\/product_cat?post=3820"},{"taxonomy":"product_tag","embeddable":true,"href":"https:\/\/www.vrzukac.sk\/shop\/wp-json\/wp\/v2\/product_tag?post=3820"}],"curies":[{"name":"wp","href":"https:\/\/api.w.org\/{rel}","templated":true}]}}