{"id":3818,"date":"2022-04-06T13:48:29","date_gmt":"2022-04-06T13:48:29","guid":{"rendered":"https:\/\/www.vrzukac.sk\/shop\/?post_type=product&#038;p=3818"},"modified":"2026-02-02T13:35:25","modified_gmt":"2026-02-02T13:35:25","slug":"brownie","status":"publish","type":"product","link":"https:\/\/www.vrzukac.sk\/shop\/produkt\/brownie\/","title":{"rendered":"Brownie"},"content":{"rendered":"Zlo\u017eenie: \u010dokol\u00e1da 62%, kakao, maslo, vajce, cukor, p\u0161eni\u010dn\u00fd kv\u00e1sok, \u010derstv\u00e9 ovocie","protected":false},"excerpt":{"rendered":"Hmotnos\u0165: 100g\r\nAlerg\u00e9ny: 1,3,7","protected":false},"featured_media":4656,"comment_status":"closed","ping_status":"closed","template":"","meta":[],"product_cat":[186],"product_tag":[],"_links":{"self":[{"href":"https:\/\/www.vrzukac.sk\/shop\/wp-json\/wp\/v2\/product\/3818"}],"collection":[{"href":"https:\/\/www.vrzukac.sk\/shop\/wp-json\/wp\/v2\/product"}],"about":[{"href":"https:\/\/www.vrzukac.sk\/shop\/wp-json\/wp\/v2\/types\/product"}],"replies":[{"embeddable":true,"href":"https:\/\/www.vrzukac.sk\/shop\/wp-json\/wp\/v2\/comments?post=3818"}],"wp:featuredmedia":[{"embeddable":true,"href":"https:\/\/www.vrzukac.sk\/shop\/wp-json\/wp\/v2\/media\/4656"}],"wp:attachment":[{"href":"https:\/\/www.vrzukac.sk\/shop\/wp-json\/wp\/v2\/media?parent=3818"}],"wp:term":[{"taxonomy":"product_cat","embeddable":true,"href":"https:\/\/www.vrzukac.sk\/shop\/wp-json\/wp\/v2\/product_cat?post=3818"},{"taxonomy":"product_tag","embeddable":true,"href":"https:\/\/www.vrzukac.sk\/shop\/wp-json\/wp\/v2\/product_tag?post=3818"}],"curies":[{"name":"wp","href":"https:\/\/api.w.org\/{rel}","templated":true}]}}