{"id":3816,"date":"2022-04-06T13:46:31","date_gmt":"2022-04-06T13:46:31","guid":{"rendered":"https:\/\/www.vrzukac.sk\/shop\/?post_type=product&#038;p=3816"},"modified":"2026-01-09T12:03:07","modified_gmt":"2026-01-09T12:03:07","slug":"quische-so-sunkou-a-spenatom","status":"publish","type":"product","link":"https:\/\/www.vrzukac.sk\/shop\/produkt\/quische-so-sunkou-a-spenatom\/","title":{"rendered":"Quiche so \u0161unkou a \u0161pen\u00e1tom"},"content":{"rendered":"Zlo\u017eenie: \u0161paldov\u00e1 m\u00faka, maslo, vajce, so\u013e, cukor, brav\u010dov\u00e1 \u0161unka, ement\u00e1l, \u0161pen\u00e1t, smotana, \u010dierne korenie","protected":false},"excerpt":{"rendered":"Hmotnos\u0165: 80g\r\n\r\nAlerg\u00e9ny: 1,3,7","protected":false},"featured_media":3896,"comment_status":"closed","ping_status":"closed","template":"","meta":[],"product_cat":[185],"product_tag":[],"_links":{"self":[{"href":"https:\/\/www.vrzukac.sk\/shop\/wp-json\/wp\/v2\/product\/3816"}],"collection":[{"href":"https:\/\/www.vrzukac.sk\/shop\/wp-json\/wp\/v2\/product"}],"about":[{"href":"https:\/\/www.vrzukac.sk\/shop\/wp-json\/wp\/v2\/types\/product"}],"replies":[{"embeddable":true,"href":"https:\/\/www.vrzukac.sk\/shop\/wp-json\/wp\/v2\/comments?post=3816"}],"wp:featuredmedia":[{"embeddable":true,"href":"https:\/\/www.vrzukac.sk\/shop\/wp-json\/wp\/v2\/media\/3896"}],"wp:attachment":[{"href":"https:\/\/www.vrzukac.sk\/shop\/wp-json\/wp\/v2\/media?parent=3816"}],"wp:term":[{"taxonomy":"product_cat","embeddable":true,"href":"https:\/\/www.vrzukac.sk\/shop\/wp-json\/wp\/v2\/product_cat?post=3816"},{"taxonomy":"product_tag","embeddable":true,"href":"https:\/\/www.vrzukac.sk\/shop\/wp-json\/wp\/v2\/product_tag?post=3816"}],"curies":[{"name":"wp","href":"https:\/\/api.w.org\/{rel}","templated":true}]}}