{"id":3813,"date":"2022-04-06T12:57:39","date_gmt":"2022-04-06T12:57:39","guid":{"rendered":"https:\/\/www.vrzukac.sk\/shop\/?post_type=product&#038;p=3813"},"modified":"2026-02-16T13:43:25","modified_gmt":"2026-02-16T13:43:25","slug":"focaccia-s-rozmarinom","status":"publish","type":"product","link":"https:\/\/www.vrzukac.sk\/shop\/produkt\/focaccia-s-rozmarinom\/","title":{"rendered":"Focaccia s rozmar\u00ednom"},"content":{"rendered":"Zlo\u017eenie: semol\u00ednov\u00e1 m\u00faka, p\u0161eni\u010dn\u00fd kv\u00e1sok, so\u013e, olivov\u00fd olej, rozmar\u00edn","protected":false},"excerpt":{"rendered":"Hmotnos\u0165: 700g\r\n\r\nAlerg\u00e9ny: 1","protected":false},"featured_media":4647,"comment_status":"closed","ping_status":"closed","template":"","meta":[],"product_cat":[188],"product_tag":[],"_links":{"self":[{"href":"https:\/\/www.vrzukac.sk\/shop\/wp-json\/wp\/v2\/product\/3813"}],"collection":[{"href":"https:\/\/www.vrzukac.sk\/shop\/wp-json\/wp\/v2\/product"}],"about":[{"href":"https:\/\/www.vrzukac.sk\/shop\/wp-json\/wp\/v2\/types\/product"}],"replies":[{"embeddable":true,"href":"https:\/\/www.vrzukac.sk\/shop\/wp-json\/wp\/v2\/comments?post=3813"}],"wp:featuredmedia":[{"embeddable":true,"href":"https:\/\/www.vrzukac.sk\/shop\/wp-json\/wp\/v2\/media\/4647"}],"wp:attachment":[{"href":"https:\/\/www.vrzukac.sk\/shop\/wp-json\/wp\/v2\/media?parent=3813"}],"wp:term":[{"taxonomy":"product_cat","embeddable":true,"href":"https:\/\/www.vrzukac.sk\/shop\/wp-json\/wp\/v2\/product_cat?post=3813"},{"taxonomy":"product_tag","embeddable":true,"href":"https:\/\/www.vrzukac.sk\/shop\/wp-json\/wp\/v2\/product_tag?post=3813"}],"curies":[{"name":"wp","href":"https:\/\/api.w.org\/{rel}","templated":true}]}}